{"id":3,"date":"2025-09-07T11:26:13","date_gmt":"2025-09-07T11:26:13","guid":{"rendered":"http:\/\/fnrrsk.szczecin.pl\/?page_id=3"},"modified":"2026-01-06T13:57:59","modified_gmt":"2026-01-06T13:57:59","slug":"privacy-policy","status":"publish","type":"page","link":"https:\/\/fnrrsk.szczecin.pl\/index.php\/privacy-policy\/","title":{"rendered":"POLITYKA PRYWATNO\u015aCI"},"content":{"rendered":"\n<p>Administratorem Pa\u0144stwa danych osobowych jest Fundacja na rzecz Rozwoju Sektora Kreatywnego z siedzib\u0105 przy     Alei Piast\u00f3w 5\/11, 70-325 Szczecin; NIP: 8522 699 635; e-mail:\u00a0<a href=\"mailto:fnrrsk@gmail.com\" target=\"_blank\" rel=\"noreferrer noopener\">fnrrsk@gmail.com<\/a>, tel.: 608 202 140.<br>Pa\u0144stwa dane osobowe b\u0119d\u0105 przetwarzane w celu odpowiedzi na skierowane do nas komunikaty i zapytania oraz w formie zanonimizowanych danych statystycznych w celu ustalenia ilo\u015b\u0107 wy\u015bwietle\u0144 naszej strony.<br>Pa\u0144stwa dane mog\u0105 by\u0107 udost\u0119pniane podmiotom trzecim, z kt\u00f3rymi mamy zawart\u0105 umow\u0119 powierzenia przetwarzania danych, partnerom, dostawcom us\u0142ug hostingowych.<br>Pa\u0144stwa dane b\u0119d\u0105 przetwarzane przez okres niezb\u0119dny do realizacji cel\u00f3w, dla kt\u00f3rych zosta\u0142y zebrane, lub do momentu wycofania zgody.<br>Masz prawo do: dost\u0119pu do danych, sprostowania, usuni\u0119cia, ograniczenia przetwarzania, wniesienia sprzeciwu, przenoszenia danych.<br>NIE b\u0119dziemy podejmowa\u0107 decyzji w spos\u00f3b zautomatyzowany.<\/p>\n\n\n\n<p><\/p>\n","protected":false},"excerpt":{"rendered":"<p>Administratorem Pa\u0144stwa danych osobowych jest Fundacja na rzecz Rozwoju Sektora Kreatywnego z siedzib\u0105 przy Alei Piast\u00f3w 5\/11, 70-325 Szczecin; NIP: 8522 699 635; e-mail:\u00a0fnrrsk@gmail.com, tel.: 608 202 140.Pa\u0144stwa dane osobowe b\u0119d\u0105 przetwarzane w celu odpowiedzi na skierowane do nas komunikaty i zapytania oraz w formie zanonimizowanych danych statystycznych w celu ustalenia ilo\u015b\u0107 wy\u015bwietle\u0144 naszej strony.Pa\u0144stwa [&hellip;]<\/p>\n","protected":false},"author":1,"featured_media":0,"parent":0,"menu_order":0,"comment_status":"closed","ping_status":"open","template":"","meta":{"footnotes":""},"class_list":["post-3","page","type-page","status-publish","hentry"],"yoast_head":"<!-- This site is optimized with the Yoast SEO plugin v26.6 - https:\/\/yoast.com\/wordpress\/plugins\/seo\/ -->\n<title>POLITYKA PRYWATNO\u015aCI - FUNDACJA NA RZECZ ROZWOJU SEKTORA KREATYWNEGO<\/title>\n<meta name=\"robots\" content=\"index, follow, max-snippet:-1, max-image-preview:large, max-video-preview:-1\" \/>\n<link rel=\"canonical\" href=\"https:\/\/fnrrsk.szczecin.pl\/index.php\/privacy-policy\/\" \/>\n<meta property=\"og:locale\" content=\"en_US\" \/>\n<meta property=\"og:type\" content=\"article\" \/>\n<meta property=\"og:title\" content=\"POLITYKA PRYWATNO\u015aCI - FUNDACJA NA RZECZ ROZWOJU SEKTORA KREATYWNEGO\" \/>\n<meta property=\"og:description\" content=\"Administratorem Pa\u0144stwa danych osobowych jest Fundacja na rzecz Rozwoju Sektora Kreatywnego z siedzib\u0105 przy Alei Piast\u00f3w 5\/11, 70-325 Szczecin; NIP: 8522 699 635; e-mail:\u00a0fnrrsk@gmail.com, tel.: 608 202 140.Pa\u0144stwa dane osobowe b\u0119d\u0105 przetwarzane w celu odpowiedzi na skierowane do nas komunikaty i zapytania oraz w formie zanonimizowanych danych statystycznych w celu ustalenia ilo\u015b\u0107 wy\u015bwietle\u0144 naszej strony.Pa\u0144stwa [&hellip;]\" \/>\n<meta property=\"og:url\" content=\"https:\/\/fnrrsk.szczecin.pl\/index.php\/privacy-policy\/\" \/>\n<meta property=\"og:site_name\" content=\"FUNDACJA NA RZECZ ROZWOJU SEKTORA KREATYWNEGO\" \/>\n<meta property=\"article:publisher\" content=\"https:\/\/www.facebook.com\/people\/Fundacja-na-rzecz-Rozwoju-Sektora-Kreatywnego\/61566763776965\/\" \/>\n<meta property=\"article:modified_time\" content=\"2026-01-06T13:57:59+00:00\" \/>\n<meta name=\"twitter:card\" content=\"summary_large_image\" \/>\n<meta name=\"twitter:label1\" content=\"Est. reading time\" \/>\n\t<meta name=\"twitter:data1\" content=\"1 minute\" \/>\n<script type=\"application\/ld+json\" class=\"yoast-schema-graph\">{\"@context\":\"https:\/\/schema.org\",\"@graph\":[{\"@type\":\"WebPage\",\"@id\":\"https:\/\/fnrrsk.szczecin.pl\/index.php\/privacy-policy\/\",\"url\":\"https:\/\/fnrrsk.szczecin.pl\/index.php\/privacy-policy\/\",\"name\":\"POLITYKA PRYWATNO\u015aCI - FUNDACJA NA RZECZ ROZWOJU SEKTORA KREATYWNEGO\",\"isPartOf\":{\"@id\":\"https:\/\/fnrrsk.szczecin.pl\/#website\"},\"datePublished\":\"2025-09-07T11:26:13+00:00\",\"dateModified\":\"2026-01-06T13:57:59+00:00\",\"breadcrumb\":{\"@id\":\"https:\/\/fnrrsk.szczecin.pl\/index.php\/privacy-policy\/#breadcrumb\"},\"inLanguage\":\"en-US\",\"potentialAction\":[{\"@type\":\"ReadAction\",\"target\":[\"https:\/\/fnrrsk.szczecin.pl\/index.php\/privacy-policy\/\"]}]},{\"@type\":\"BreadcrumbList\",\"@id\":\"https:\/\/fnrrsk.szczecin.pl\/index.php\/privacy-policy\/#breadcrumb\",\"itemListElement\":[{\"@type\":\"ListItem\",\"position\":1,\"name\":\"Home\",\"item\":\"https:\/\/fnrrsk.szczecin.pl\/\"},{\"@type\":\"ListItem\",\"position\":2,\"name\":\"POLITYKA PRYWATNO\u015aCI\"}]},{\"@type\":\"WebSite\",\"@id\":\"https:\/\/fnrrsk.szczecin.pl\/#website\",\"url\":\"https:\/\/fnrrsk.szczecin.pl\/\",\"name\":\"fnrrsk.szczecin.pl\",\"description\":\"\",\"publisher\":{\"@id\":\"https:\/\/fnrrsk.szczecin.pl\/#organization\"},\"alternateName\":\"Fundacja na rzecz Rozwoju Sektora Kreatywnego\",\"potentialAction\":[{\"@type\":\"SearchAction\",\"target\":{\"@type\":\"EntryPoint\",\"urlTemplate\":\"https:\/\/fnrrsk.szczecin.pl\/?s={search_term_string}\"},\"query-input\":{\"@type\":\"PropertyValueSpecification\",\"valueRequired\":true,\"valueName\":\"search_term_string\"}}],\"inLanguage\":\"en-US\"},{\"@type\":\"Organization\",\"@id\":\"https:\/\/fnrrsk.szczecin.pl\/#organization\",\"name\":\"Fundacja na rzecz Rozwoju Sektora Kreatywnego\",\"url\":\"https:\/\/fnrrsk.szczecin.pl\/\",\"logo\":{\"@type\":\"ImageObject\",\"inLanguage\":\"en-US\",\"@id\":\"https:\/\/fnrrsk.szczecin.pl\/#\/schema\/logo\/image\/\",\"url\":\"https:\/\/fnrrsk.szczecin.pl\/wp-content\/uploads\/2025\/09\/AAFuWkQu2jM_1749043205677-scaled.jpg\",\"contentUrl\":\"https:\/\/fnrrsk.szczecin.pl\/wp-content\/uploads\/2025\/09\/AAFuWkQu2jM_1749043205677-scaled.jpg\",\"width\":2560,\"height\":1971,\"caption\":\"Fundacja na rzecz Rozwoju Sektora Kreatywnego\"},\"image\":{\"@id\":\"https:\/\/fnrrsk.szczecin.pl\/#\/schema\/logo\/image\/\"},\"sameAs\":[\"https:\/\/www.facebook.com\/people\/Fundacja-na-rzecz-Rozwoju-Sektora-Kreatywnego\/61566763776965\/\"]}]}<\/script>\n<!-- \/ Yoast SEO plugin. -->","yoast_head_json":{"title":"POLITYKA PRYWATNO\u015aCI - FUNDACJA NA RZECZ ROZWOJU SEKTORA KREATYWNEGO","robots":{"index":"index","follow":"follow","max-snippet":"max-snippet:-1","max-image-preview":"max-image-preview:large","max-video-preview":"max-video-preview:-1"},"canonical":"https:\/\/fnrrsk.szczecin.pl\/index.php\/privacy-policy\/","og_locale":"en_US","og_type":"article","og_title":"POLITYKA PRYWATNO\u015aCI - FUNDACJA NA RZECZ ROZWOJU SEKTORA KREATYWNEGO","og_description":"Administratorem Pa\u0144stwa danych osobowych jest Fundacja na rzecz Rozwoju Sektora Kreatywnego z siedzib\u0105 przy Alei Piast\u00f3w 5\/11, 70-325 Szczecin; NIP: 8522 699 635; e-mail:\u00a0fnrrsk@gmail.com, tel.: 608 202 140.Pa\u0144stwa dane osobowe b\u0119d\u0105 przetwarzane w celu odpowiedzi na skierowane do nas komunikaty i zapytania oraz w formie zanonimizowanych danych statystycznych w celu ustalenia ilo\u015b\u0107 wy\u015bwietle\u0144 naszej strony.Pa\u0144stwa [&hellip;]","og_url":"https:\/\/fnrrsk.szczecin.pl\/index.php\/privacy-policy\/","og_site_name":"FUNDACJA NA RZECZ ROZWOJU SEKTORA KREATYWNEGO","article_publisher":"https:\/\/www.facebook.com\/people\/Fundacja-na-rzecz-Rozwoju-Sektora-Kreatywnego\/61566763776965\/","article_modified_time":"2026-01-06T13:57:59+00:00","twitter_card":"summary_large_image","twitter_misc":{"Est. reading time":"1 minute"},"schema":{"@context":"https:\/\/schema.org","@graph":[{"@type":"WebPage","@id":"https:\/\/fnrrsk.szczecin.pl\/index.php\/privacy-policy\/","url":"https:\/\/fnrrsk.szczecin.pl\/index.php\/privacy-policy\/","name":"POLITYKA PRYWATNO\u015aCI - FUNDACJA NA RZECZ ROZWOJU SEKTORA KREATYWNEGO","isPartOf":{"@id":"https:\/\/fnrrsk.szczecin.pl\/#website"},"datePublished":"2025-09-07T11:26:13+00:00","dateModified":"2026-01-06T13:57:59+00:00","breadcrumb":{"@id":"https:\/\/fnrrsk.szczecin.pl\/index.php\/privacy-policy\/#breadcrumb"},"inLanguage":"en-US","potentialAction":[{"@type":"ReadAction","target":["https:\/\/fnrrsk.szczecin.pl\/index.php\/privacy-policy\/"]}]},{"@type":"BreadcrumbList","@id":"https:\/\/fnrrsk.szczecin.pl\/index.php\/privacy-policy\/#breadcrumb","itemListElement":[{"@type":"ListItem","position":1,"name":"Home","item":"https:\/\/fnrrsk.szczecin.pl\/"},{"@type":"ListItem","position":2,"name":"POLITYKA PRYWATNO\u015aCI"}]},{"@type":"WebSite","@id":"https:\/\/fnrrsk.szczecin.pl\/#website","url":"https:\/\/fnrrsk.szczecin.pl\/","name":"fnrrsk.szczecin.pl","description":"","publisher":{"@id":"https:\/\/fnrrsk.szczecin.pl\/#organization"},"alternateName":"Fundacja na rzecz Rozwoju Sektora Kreatywnego","potentialAction":[{"@type":"SearchAction","target":{"@type":"EntryPoint","urlTemplate":"https:\/\/fnrrsk.szczecin.pl\/?s={search_term_string}"},"query-input":{"@type":"PropertyValueSpecification","valueRequired":true,"valueName":"search_term_string"}}],"inLanguage":"en-US"},{"@type":"Organization","@id":"https:\/\/fnrrsk.szczecin.pl\/#organization","name":"Fundacja na rzecz Rozwoju Sektora Kreatywnego","url":"https:\/\/fnrrsk.szczecin.pl\/","logo":{"@type":"ImageObject","inLanguage":"en-US","@id":"https:\/\/fnrrsk.szczecin.pl\/#\/schema\/logo\/image\/","url":"https:\/\/fnrrsk.szczecin.pl\/wp-content\/uploads\/2025\/09\/AAFuWkQu2jM_1749043205677-scaled.jpg","contentUrl":"https:\/\/fnrrsk.szczecin.pl\/wp-content\/uploads\/2025\/09\/AAFuWkQu2jM_1749043205677-scaled.jpg","width":2560,"height":1971,"caption":"Fundacja na rzecz Rozwoju Sektora Kreatywnego"},"image":{"@id":"https:\/\/fnrrsk.szczecin.pl\/#\/schema\/logo\/image\/"},"sameAs":["https:\/\/www.facebook.com\/people\/Fundacja-na-rzecz-Rozwoju-Sektora-Kreatywnego\/61566763776965\/"]}]}},"_links":{"self":[{"href":"https:\/\/fnrrsk.szczecin.pl\/index.php\/wp-json\/wp\/v2\/pages\/3","targetHints":{"allow":["GET"]}}],"collection":[{"href":"https:\/\/fnrrsk.szczecin.pl\/index.php\/wp-json\/wp\/v2\/pages"}],"about":[{"href":"https:\/\/fnrrsk.szczecin.pl\/index.php\/wp-json\/wp\/v2\/types\/page"}],"author":[{"embeddable":true,"href":"https:\/\/fnrrsk.szczecin.pl\/index.php\/wp-json\/wp\/v2\/users\/1"}],"replies":[{"embeddable":true,"href":"https:\/\/fnrrsk.szczecin.pl\/index.php\/wp-json\/wp\/v2\/comments?post=3"}],"version-history":[{"count":1,"href":"https:\/\/fnrrsk.szczecin.pl\/index.php\/wp-json\/wp\/v2\/pages\/3\/revisions"}],"predecessor-version":[{"id":216,"href":"https:\/\/fnrrsk.szczecin.pl\/index.php\/wp-json\/wp\/v2\/pages\/3\/revisions\/216"}],"wp:attachment":[{"href":"https:\/\/fnrrsk.szczecin.pl\/index.php\/wp-json\/wp\/v2\/media?parent=3"}],"curies":[{"name":"wp","href":"https:\/\/api.w.org\/{rel}","templated":true}]}}