{"id":176,"date":"2025-12-29T17:03:59","date_gmt":"2025-12-29T17:03:59","guid":{"rendered":"https:\/\/fnrrsk.szczecin.pl\/?page_id=176"},"modified":"2025-12-29T17:19:53","modified_gmt":"2025-12-29T17:19:53","slug":"sinfonietta-harmonia-nova","status":"publish","type":"page","link":"https:\/\/fnrrsk.szczecin.pl\/index.php\/sinfonietta-harmonia-nova\/","title":{"rendered":"SINFONIETTA HARMONIA NOVA"},"content":{"rendered":"\n<p>Sinfonietta Harmonia Nova, pierwotnie Sinfonietta Fundacji na rzecz Rozwoju Sektora Kreatywnego, za\u0142o\u017cona przez kompozytora Artura Cie\u015blaka i dyrygenta Rafa\u0142a Urbanka w lutym 2025 roku.<\/p>\n\n\n\n<p>Zrzesza m\u0142odych artyst\u00f3w: uczni\u00f3w, student\u00f3w i absolwent\u00f3w uczelni muzycznych, skupionych w Szczeci\u0144skim \u015brodowisku artystycznym.<\/p>\n\n\n\n<p>Celem jej dzia\u0142alno\u015bci jest: wykonywanie program\u00f3w artystycznych, stanowi\u0105cych dialog pomi\u0119dzy zapomnianymi kompozycjami we wsp\u00f3\u0142czesnych aran\u017cacjach a utworami tworzonymi obecnie; promowanie m\u0142odych wykonawc\u00f3w, umo\u017cliwiaj\u0105c im wyst\u0119py z orkiestr\u0105; promowanie polskich wsp\u00f3\u0142czesnych kompozytor\u00f3w poprzez wykonywanie muzyki wsp\u00f3\u0142czesnej; przeciwdzia\u0142anie wykluczeniu komunikacyjnemu\u00a0 i ekonomicznemu poprzez docieranie z muzyk\u0105 orkiestrow\u0105 do mniejszych spo\u0142eczno\u015bci lokalnych; \u0142\u0105czenie koncert\u00f3w z dzia\u0142alno\u015bci\u0105 charytatywn\u0105 na rzecz potrzebuj\u0105cych. Sinfonietta debiutowa\u0142a 29 kwietnia 2025, wykonuj\u0105c Stabat Mater L. Boccheriniego, w autorskiej aran\u017cacji dra hab. Artura Cie\u015blaka.<\/p>\n\n\n\n<figure class=\"wp-block-image size-full\"><img loading=\"lazy\" decoding=\"async\" width=\"1024\" height=\"769\" src=\"https:\/\/fnrrsk.szczecin.pl\/wp-content\/uploads\/2025\/09\/ZDJECIE-SINFONIETTY.jpg\" alt=\"\" class=\"wp-image-102\" srcset=\"https:\/\/fnrrsk.szczecin.pl\/wp-content\/uploads\/2025\/09\/ZDJECIE-SINFONIETTY.jpg 1024w, https:\/\/fnrrsk.szczecin.pl\/wp-content\/uploads\/2025\/09\/ZDJECIE-SINFONIETTY-300x225.jpg 300w, https:\/\/fnrrsk.szczecin.pl\/wp-content\/uploads\/2025\/09\/ZDJECIE-SINFONIETTY-768x577.jpg 768w\" sizes=\"auto, (max-width: 1024px) 100vw, 1024px\" \/><\/figure>\n","protected":false},"excerpt":{"rendered":"<p>Sinfonietta Harmonia Nova, pierwotnie Sinfonietta Fundacji na rzecz Rozwoju Sektora Kreatywnego, za\u0142o\u017cona przez kompozytora Artura Cie\u015blaka i dyrygenta Rafa\u0142a Urbanka w lutym 2025 roku. Zrzesza m\u0142odych artyst\u00f3w: uczni\u00f3w, student\u00f3w i absolwent\u00f3w uczelni muzycznych, skupionych w Szczeci\u0144skim \u015brodowisku artystycznym. Celem jej dzia\u0142alno\u015bci jest: wykonywanie program\u00f3w artystycznych, stanowi\u0105cych dialog pomi\u0119dzy zapomnianymi kompozycjami we wsp\u00f3\u0142czesnych aran\u017cacjach a utworami [&hellip;]<\/p>\n","protected":false},"author":1,"featured_media":0,"parent":0,"menu_order":0,"comment_status":"closed","ping_status":"closed","template":"","meta":{"footnotes":""},"class_list":["post-176","page","type-page","status-publish","hentry"],"yoast_head":"<!-- This site is optimized with the Yoast SEO plugin v26.6 - https:\/\/yoast.com\/wordpress\/plugins\/seo\/ -->\n<title>SINFONIETTA HARMONIA NOVA - FUNDACJA NA RZECZ ROZWOJU SEKTORA KREATYWNEGO<\/title>\n<meta name=\"robots\" content=\"index, follow, max-snippet:-1, max-image-preview:large, max-video-preview:-1\" \/>\n<link rel=\"canonical\" href=\"https:\/\/fnrrsk.szczecin.pl\/index.php\/sinfonietta-harmonia-nova\/\" \/>\n<meta property=\"og:locale\" content=\"en_US\" \/>\n<meta property=\"og:type\" content=\"article\" \/>\n<meta property=\"og:title\" content=\"SINFONIETTA HARMONIA NOVA - FUNDACJA NA RZECZ ROZWOJU SEKTORA KREATYWNEGO\" \/>\n<meta property=\"og:description\" content=\"Sinfonietta Harmonia Nova, pierwotnie Sinfonietta Fundacji na rzecz Rozwoju Sektora Kreatywnego, za\u0142o\u017cona przez kompozytora Artura Cie\u015blaka i dyrygenta Rafa\u0142a Urbanka w lutym 2025 roku. Zrzesza m\u0142odych artyst\u00f3w: uczni\u00f3w, student\u00f3w i absolwent\u00f3w uczelni muzycznych, skupionych w Szczeci\u0144skim \u015brodowisku artystycznym. Celem jej dzia\u0142alno\u015bci jest: wykonywanie program\u00f3w artystycznych, stanowi\u0105cych dialog pomi\u0119dzy zapomnianymi kompozycjami we wsp\u00f3\u0142czesnych aran\u017cacjach a utworami [&hellip;]\" \/>\n<meta property=\"og:url\" content=\"https:\/\/fnrrsk.szczecin.pl\/index.php\/sinfonietta-harmonia-nova\/\" \/>\n<meta property=\"og:site_name\" content=\"FUNDACJA NA RZECZ ROZWOJU SEKTORA KREATYWNEGO\" \/>\n<meta property=\"article:publisher\" content=\"https:\/\/www.facebook.com\/people\/Fundacja-na-rzecz-Rozwoju-Sektora-Kreatywnego\/61566763776965\/\" \/>\n<meta property=\"article:modified_time\" content=\"2025-12-29T17:19:53+00:00\" \/>\n<meta property=\"og:image\" content=\"https:\/\/fnrrsk.szczecin.pl\/wp-content\/uploads\/2025\/09\/ZDJECIE-SINFONIETTY.jpg\" \/>\n\t<meta property=\"og:image:width\" content=\"1024\" \/>\n\t<meta property=\"og:image:height\" content=\"769\" \/>\n\t<meta property=\"og:image:type\" content=\"image\/jpeg\" \/>\n<meta name=\"twitter:card\" content=\"summary_large_image\" \/>\n<meta name=\"twitter:label1\" content=\"Est. reading time\" \/>\n\t<meta name=\"twitter:data1\" content=\"1 minute\" \/>\n<script type=\"application\/ld+json\" class=\"yoast-schema-graph\">{\"@context\":\"https:\/\/schema.org\",\"@graph\":[{\"@type\":\"WebPage\",\"@id\":\"https:\/\/fnrrsk.szczecin.pl\/index.php\/sinfonietta-harmonia-nova\/\",\"url\":\"https:\/\/fnrrsk.szczecin.pl\/index.php\/sinfonietta-harmonia-nova\/\",\"name\":\"SINFONIETTA HARMONIA NOVA - FUNDACJA NA RZECZ ROZWOJU SEKTORA KREATYWNEGO\",\"isPartOf\":{\"@id\":\"https:\/\/fnrrsk.szczecin.pl\/#website\"},\"primaryImageOfPage\":{\"@id\":\"https:\/\/fnrrsk.szczecin.pl\/index.php\/sinfonietta-harmonia-nova\/#primaryimage\"},\"image\":{\"@id\":\"https:\/\/fnrrsk.szczecin.pl\/index.php\/sinfonietta-harmonia-nova\/#primaryimage\"},\"thumbnailUrl\":\"https:\/\/fnrrsk.szczecin.pl\/wp-content\/uploads\/2025\/09\/ZDJECIE-SINFONIETTY.jpg\",\"datePublished\":\"2025-12-29T17:03:59+00:00\",\"dateModified\":\"2025-12-29T17:19:53+00:00\",\"breadcrumb\":{\"@id\":\"https:\/\/fnrrsk.szczecin.pl\/index.php\/sinfonietta-harmonia-nova\/#breadcrumb\"},\"inLanguage\":\"en-US\",\"potentialAction\":[{\"@type\":\"ReadAction\",\"target\":[\"https:\/\/fnrrsk.szczecin.pl\/index.php\/sinfonietta-harmonia-nova\/\"]}]},{\"@type\":\"ImageObject\",\"inLanguage\":\"en-US\",\"@id\":\"https:\/\/fnrrsk.szczecin.pl\/index.php\/sinfonietta-harmonia-nova\/#primaryimage\",\"url\":\"https:\/\/fnrrsk.szczecin.pl\/wp-content\/uploads\/2025\/09\/ZDJECIE-SINFONIETTY.jpg\",\"contentUrl\":\"https:\/\/fnrrsk.szczecin.pl\/wp-content\/uploads\/2025\/09\/ZDJECIE-SINFONIETTY.jpg\",\"width\":1024,\"height\":769},{\"@type\":\"BreadcrumbList\",\"@id\":\"https:\/\/fnrrsk.szczecin.pl\/index.php\/sinfonietta-harmonia-nova\/#breadcrumb\",\"itemListElement\":[{\"@type\":\"ListItem\",\"position\":1,\"name\":\"Home\",\"item\":\"https:\/\/fnrrsk.szczecin.pl\/\"},{\"@type\":\"ListItem\",\"position\":2,\"name\":\"SINFONIETTA HARMONIA NOVA\"}]},{\"@type\":\"WebSite\",\"@id\":\"https:\/\/fnrrsk.szczecin.pl\/#website\",\"url\":\"https:\/\/fnrrsk.szczecin.pl\/\",\"name\":\"fnrrsk.szczecin.pl\",\"description\":\"\",\"publisher\":{\"@id\":\"https:\/\/fnrrsk.szczecin.pl\/#organization\"},\"alternateName\":\"Fundacja na rzecz Rozwoju Sektora Kreatywnego\",\"potentialAction\":[{\"@type\":\"SearchAction\",\"target\":{\"@type\":\"EntryPoint\",\"urlTemplate\":\"https:\/\/fnrrsk.szczecin.pl\/?s={search_term_string}\"},\"query-input\":{\"@type\":\"PropertyValueSpecification\",\"valueRequired\":true,\"valueName\":\"search_term_string\"}}],\"inLanguage\":\"en-US\"},{\"@type\":\"Organization\",\"@id\":\"https:\/\/fnrrsk.szczecin.pl\/#organization\",\"name\":\"Fundacja na rzecz Rozwoju Sektora Kreatywnego\",\"url\":\"https:\/\/fnrrsk.szczecin.pl\/\",\"logo\":{\"@type\":\"ImageObject\",\"inLanguage\":\"en-US\",\"@id\":\"https:\/\/fnrrsk.szczecin.pl\/#\/schema\/logo\/image\/\",\"url\":\"https:\/\/fnrrsk.szczecin.pl\/wp-content\/uploads\/2025\/09\/AAFuWkQu2jM_1749043205677-scaled.jpg\",\"contentUrl\":\"https:\/\/fnrrsk.szczecin.pl\/wp-content\/uploads\/2025\/09\/AAFuWkQu2jM_1749043205677-scaled.jpg\",\"width\":2560,\"height\":1971,\"caption\":\"Fundacja na rzecz Rozwoju Sektora Kreatywnego\"},\"image\":{\"@id\":\"https:\/\/fnrrsk.szczecin.pl\/#\/schema\/logo\/image\/\"},\"sameAs\":[\"https:\/\/www.facebook.com\/people\/Fundacja-na-rzecz-Rozwoju-Sektora-Kreatywnego\/61566763776965\/\"]}]}<\/script>\n<!-- \/ Yoast SEO plugin. -->","yoast_head_json":{"title":"SINFONIETTA HARMONIA NOVA - FUNDACJA NA RZECZ ROZWOJU SEKTORA KREATYWNEGO","robots":{"index":"index","follow":"follow","max-snippet":"max-snippet:-1","max-image-preview":"max-image-preview:large","max-video-preview":"max-video-preview:-1"},"canonical":"https:\/\/fnrrsk.szczecin.pl\/index.php\/sinfonietta-harmonia-nova\/","og_locale":"en_US","og_type":"article","og_title":"SINFONIETTA HARMONIA NOVA - FUNDACJA NA RZECZ ROZWOJU SEKTORA KREATYWNEGO","og_description":"Sinfonietta Harmonia Nova, pierwotnie Sinfonietta Fundacji na rzecz Rozwoju Sektora Kreatywnego, za\u0142o\u017cona przez kompozytora Artura Cie\u015blaka i dyrygenta Rafa\u0142a Urbanka w lutym 2025 roku. Zrzesza m\u0142odych artyst\u00f3w: uczni\u00f3w, student\u00f3w i absolwent\u00f3w uczelni muzycznych, skupionych w Szczeci\u0144skim \u015brodowisku artystycznym. Celem jej dzia\u0142alno\u015bci jest: wykonywanie program\u00f3w artystycznych, stanowi\u0105cych dialog pomi\u0119dzy zapomnianymi kompozycjami we wsp\u00f3\u0142czesnych aran\u017cacjach a utworami [&hellip;]","og_url":"https:\/\/fnrrsk.szczecin.pl\/index.php\/sinfonietta-harmonia-nova\/","og_site_name":"FUNDACJA NA RZECZ ROZWOJU SEKTORA KREATYWNEGO","article_publisher":"https:\/\/www.facebook.com\/people\/Fundacja-na-rzecz-Rozwoju-Sektora-Kreatywnego\/61566763776965\/","article_modified_time":"2025-12-29T17:19:53+00:00","og_image":[{"width":1024,"height":769,"url":"https:\/\/fnrrsk.szczecin.pl\/wp-content\/uploads\/2025\/09\/ZDJECIE-SINFONIETTY.jpg","type":"image\/jpeg"}],"twitter_card":"summary_large_image","twitter_misc":{"Est. reading time":"1 minute"},"schema":{"@context":"https:\/\/schema.org","@graph":[{"@type":"WebPage","@id":"https:\/\/fnrrsk.szczecin.pl\/index.php\/sinfonietta-harmonia-nova\/","url":"https:\/\/fnrrsk.szczecin.pl\/index.php\/sinfonietta-harmonia-nova\/","name":"SINFONIETTA HARMONIA NOVA - FUNDACJA NA RZECZ ROZWOJU SEKTORA KREATYWNEGO","isPartOf":{"@id":"https:\/\/fnrrsk.szczecin.pl\/#website"},"primaryImageOfPage":{"@id":"https:\/\/fnrrsk.szczecin.pl\/index.php\/sinfonietta-harmonia-nova\/#primaryimage"},"image":{"@id":"https:\/\/fnrrsk.szczecin.pl\/index.php\/sinfonietta-harmonia-nova\/#primaryimage"},"thumbnailUrl":"https:\/\/fnrrsk.szczecin.pl\/wp-content\/uploads\/2025\/09\/ZDJECIE-SINFONIETTY.jpg","datePublished":"2025-12-29T17:03:59+00:00","dateModified":"2025-12-29T17:19:53+00:00","breadcrumb":{"@id":"https:\/\/fnrrsk.szczecin.pl\/index.php\/sinfonietta-harmonia-nova\/#breadcrumb"},"inLanguage":"en-US","potentialAction":[{"@type":"ReadAction","target":["https:\/\/fnrrsk.szczecin.pl\/index.php\/sinfonietta-harmonia-nova\/"]}]},{"@type":"ImageObject","inLanguage":"en-US","@id":"https:\/\/fnrrsk.szczecin.pl\/index.php\/sinfonietta-harmonia-nova\/#primaryimage","url":"https:\/\/fnrrsk.szczecin.pl\/wp-content\/uploads\/2025\/09\/ZDJECIE-SINFONIETTY.jpg","contentUrl":"https:\/\/fnrrsk.szczecin.pl\/wp-content\/uploads\/2025\/09\/ZDJECIE-SINFONIETTY.jpg","width":1024,"height":769},{"@type":"BreadcrumbList","@id":"https:\/\/fnrrsk.szczecin.pl\/index.php\/sinfonietta-harmonia-nova\/#breadcrumb","itemListElement":[{"@type":"ListItem","position":1,"name":"Home","item":"https:\/\/fnrrsk.szczecin.pl\/"},{"@type":"ListItem","position":2,"name":"SINFONIETTA HARMONIA NOVA"}]},{"@type":"WebSite","@id":"https:\/\/fnrrsk.szczecin.pl\/#website","url":"https:\/\/fnrrsk.szczecin.pl\/","name":"fnrrsk.szczecin.pl","description":"","publisher":{"@id":"https:\/\/fnrrsk.szczecin.pl\/#organization"},"alternateName":"Fundacja na rzecz Rozwoju Sektora Kreatywnego","potentialAction":[{"@type":"SearchAction","target":{"@type":"EntryPoint","urlTemplate":"https:\/\/fnrrsk.szczecin.pl\/?s={search_term_string}"},"query-input":{"@type":"PropertyValueSpecification","valueRequired":true,"valueName":"search_term_string"}}],"inLanguage":"en-US"},{"@type":"Organization","@id":"https:\/\/fnrrsk.szczecin.pl\/#organization","name":"Fundacja na rzecz Rozwoju Sektora Kreatywnego","url":"https:\/\/fnrrsk.szczecin.pl\/","logo":{"@type":"ImageObject","inLanguage":"en-US","@id":"https:\/\/fnrrsk.szczecin.pl\/#\/schema\/logo\/image\/","url":"https:\/\/fnrrsk.szczecin.pl\/wp-content\/uploads\/2025\/09\/AAFuWkQu2jM_1749043205677-scaled.jpg","contentUrl":"https:\/\/fnrrsk.szczecin.pl\/wp-content\/uploads\/2025\/09\/AAFuWkQu2jM_1749043205677-scaled.jpg","width":2560,"height":1971,"caption":"Fundacja na rzecz Rozwoju Sektora Kreatywnego"},"image":{"@id":"https:\/\/fnrrsk.szczecin.pl\/#\/schema\/logo\/image\/"},"sameAs":["https:\/\/www.facebook.com\/people\/Fundacja-na-rzecz-Rozwoju-Sektora-Kreatywnego\/61566763776965\/"]}]}},"_links":{"self":[{"href":"https:\/\/fnrrsk.szczecin.pl\/index.php\/wp-json\/wp\/v2\/pages\/176","targetHints":{"allow":["GET"]}}],"collection":[{"href":"https:\/\/fnrrsk.szczecin.pl\/index.php\/wp-json\/wp\/v2\/pages"}],"about":[{"href":"https:\/\/fnrrsk.szczecin.pl\/index.php\/wp-json\/wp\/v2\/types\/page"}],"author":[{"embeddable":true,"href":"https:\/\/fnrrsk.szczecin.pl\/index.php\/wp-json\/wp\/v2\/users\/1"}],"replies":[{"embeddable":true,"href":"https:\/\/fnrrsk.szczecin.pl\/index.php\/wp-json\/wp\/v2\/comments?post=176"}],"version-history":[{"count":3,"href":"https:\/\/fnrrsk.szczecin.pl\/index.php\/wp-json\/wp\/v2\/pages\/176\/revisions"}],"predecessor-version":[{"id":196,"href":"https:\/\/fnrrsk.szczecin.pl\/index.php\/wp-json\/wp\/v2\/pages\/176\/revisions\/196"}],"wp:attachment":[{"href":"https:\/\/fnrrsk.szczecin.pl\/index.php\/wp-json\/wp\/v2\/media?parent=176"}],"curies":[{"name":"wp","href":"https:\/\/api.w.org\/{rel}","templated":true}]}}