{"id":175,"date":"2025-12-29T17:03:59","date_gmt":"2025-12-29T17:03:59","guid":{"rendered":"https:\/\/fnrrsk.szczecin.pl\/?page_id=175"},"modified":"2025-12-29T17:22:16","modified_gmt":"2025-12-29T17:22:16","slug":"o-nas","status":"publish","type":"page","link":"https:\/\/fnrrsk.szczecin.pl\/index.php\/o-nas\/","title":{"rendered":"O NAS"},"content":{"rendered":"\n<p class=\"has-text-align-center\">Fundacja na rzecz Rozwoju Sektora Kreatywnego powsta\u0142a, aby wspiera\u0107 i rozwija\u0107 kultur\u0119, sztuk\u0119 oraz projekty tw\u00f3rcze w Polsce&nbsp; i poza jej granicami. Nasz\u0105 misj\u0105 jest tworzenie przestrzeni, w kt\u00f3rej sztuka spotyka si\u0119 z biznesem      i spo\u0142eczno\u015bci\u0105, a muzyka i dzia\u0142ania artystyczne staj\u0105 si\u0119 inspiracj\u0105 do budowania lepszego, bardziej kreatywnego \u015bwiata.<\/p>\n\n\n\n<p class=\"has-text-align-center\"><strong>W RAMACH DZIA\u0141ALNO\u015aCI FUNDACJI:<\/strong><\/p>\n\n\n\n<ul class=\"wp-block-list\">\n<li>organizujemy koncerty,<\/li>\n\n\n\n<li>wydarzenia artystyczne i projekty edukacyjne,<\/li>\n\n\n\n<li>prowadzimy w\u0142asn\u0105 orkiestr\u0119, kt\u00f3ra wyst\u0119puje w presti\u017cowych wydarzeniach,<\/li>\n\n\n\n<li>wspieramy m\u0142odych artyst\u00f3w i tw\u00f3rc\u00f3w, daj\u0105c im szans\u0119 rozwoju<\/li>\n\n\n\n<li>rozwijamy wsp\u00f3\u0142prac\u0119 mi\u0119dzy sektorem kultury, biznesem i edukacj\u0105.<\/li>\n<\/ul>\n\n\n\n<h2 class=\"wp-block-heading\">ZARZ\u0104D FUNDACJI <\/h2>\n\n\n\n<p>RAFA\u0141 PAWE\u0141 URBANEK &#8211; PREZES ZARZ\u0104DU FUNDACJI NA RZECZ ROZWOJU SEKTORA KREATYWNEGO<\/p>\n\n\n\n<p>AGNIESZKA ZAWADZKA-URAN &#8211; WICEPREZES FUNDACJI NA RZECZ ROZWOJU SEKTORA KREATYWNEGO<\/p>\n\n\n\n<p>DOMINIK FRANCZUK &#8211; WICEPREZES ZARZ\u0104DU FUNDACJI NA RZECZ ROZWOJU SEKTORA KREATYWNEGO<\/p>\n\n\n\n<p><\/p>\n","protected":false},"excerpt":{"rendered":"<p>Fundacja na rzecz Rozwoju Sektora Kreatywnego powsta\u0142a, aby wspiera\u0107 i rozwija\u0107 kultur\u0119, sztuk\u0119 oraz projekty tw\u00f3rcze w Polsce&nbsp; i poza jej granicami. Nasz\u0105 misj\u0105 jest tworzenie przestrzeni, w kt\u00f3rej sztuka spotyka si\u0119 z biznesem i spo\u0142eczno\u015bci\u0105, a muzyka i dzia\u0142ania artystyczne staj\u0105 si\u0119 inspiracj\u0105 do budowania lepszego, bardziej kreatywnego \u015bwiata. W RAMACH DZIA\u0141ALNO\u015aCI FUNDACJI: ZARZ\u0104D [&hellip;]<\/p>\n","protected":false},"author":1,"featured_media":0,"parent":0,"menu_order":0,"comment_status":"closed","ping_status":"closed","template":"","meta":{"footnotes":""},"class_list":["post-175","page","type-page","status-publish","hentry"],"yoast_head":"<!-- This site is optimized with the Yoast SEO plugin v26.6 - https:\/\/yoast.com\/wordpress\/plugins\/seo\/ -->\n<title>O NAS - FUNDACJA NA RZECZ ROZWOJU SEKTORA KREATYWNEGO<\/title>\n<meta name=\"robots\" content=\"index, follow, max-snippet:-1, max-image-preview:large, max-video-preview:-1\" \/>\n<link rel=\"canonical\" href=\"https:\/\/fnrrsk.szczecin.pl\/index.php\/o-nas\/\" \/>\n<meta property=\"og:locale\" content=\"en_US\" \/>\n<meta property=\"og:type\" content=\"article\" \/>\n<meta property=\"og:title\" content=\"O NAS - FUNDACJA NA RZECZ ROZWOJU SEKTORA KREATYWNEGO\" \/>\n<meta property=\"og:description\" content=\"Fundacja na rzecz Rozwoju Sektora Kreatywnego powsta\u0142a, aby wspiera\u0107 i rozwija\u0107 kultur\u0119, sztuk\u0119 oraz projekty tw\u00f3rcze w Polsce&nbsp; i poza jej granicami. Nasz\u0105 misj\u0105 jest tworzenie przestrzeni, w kt\u00f3rej sztuka spotyka si\u0119 z biznesem i spo\u0142eczno\u015bci\u0105, a muzyka i dzia\u0142ania artystyczne staj\u0105 si\u0119 inspiracj\u0105 do budowania lepszego, bardziej kreatywnego \u015bwiata. W RAMACH DZIA\u0141ALNO\u015aCI FUNDACJI: ZARZ\u0104D [&hellip;]\" \/>\n<meta property=\"og:url\" content=\"https:\/\/fnrrsk.szczecin.pl\/index.php\/o-nas\/\" \/>\n<meta property=\"og:site_name\" content=\"FUNDACJA NA RZECZ ROZWOJU SEKTORA KREATYWNEGO\" \/>\n<meta property=\"article:publisher\" content=\"https:\/\/www.facebook.com\/people\/Fundacja-na-rzecz-Rozwoju-Sektora-Kreatywnego\/61566763776965\/\" \/>\n<meta property=\"article:modified_time\" content=\"2025-12-29T17:22:16+00:00\" \/>\n<meta name=\"twitter:card\" content=\"summary_large_image\" \/>\n<meta name=\"twitter:label1\" content=\"Est. reading time\" \/>\n\t<meta name=\"twitter:data1\" content=\"1 minute\" \/>\n<script type=\"application\/ld+json\" class=\"yoast-schema-graph\">{\"@context\":\"https:\/\/schema.org\",\"@graph\":[{\"@type\":\"WebPage\",\"@id\":\"https:\/\/fnrrsk.szczecin.pl\/index.php\/o-nas\/\",\"url\":\"https:\/\/fnrrsk.szczecin.pl\/index.php\/o-nas\/\",\"name\":\"O NAS - FUNDACJA NA RZECZ ROZWOJU SEKTORA KREATYWNEGO\",\"isPartOf\":{\"@id\":\"https:\/\/fnrrsk.szczecin.pl\/#website\"},\"datePublished\":\"2025-12-29T17:03:59+00:00\",\"dateModified\":\"2025-12-29T17:22:16+00:00\",\"breadcrumb\":{\"@id\":\"https:\/\/fnrrsk.szczecin.pl\/index.php\/o-nas\/#breadcrumb\"},\"inLanguage\":\"en-US\",\"potentialAction\":[{\"@type\":\"ReadAction\",\"target\":[\"https:\/\/fnrrsk.szczecin.pl\/index.php\/o-nas\/\"]}]},{\"@type\":\"BreadcrumbList\",\"@id\":\"https:\/\/fnrrsk.szczecin.pl\/index.php\/o-nas\/#breadcrumb\",\"itemListElement\":[{\"@type\":\"ListItem\",\"position\":1,\"name\":\"Home\",\"item\":\"https:\/\/fnrrsk.szczecin.pl\/\"},{\"@type\":\"ListItem\",\"position\":2,\"name\":\"O NAS\"}]},{\"@type\":\"WebSite\",\"@id\":\"https:\/\/fnrrsk.szczecin.pl\/#website\",\"url\":\"https:\/\/fnrrsk.szczecin.pl\/\",\"name\":\"fnrrsk.szczecin.pl\",\"description\":\"\",\"publisher\":{\"@id\":\"https:\/\/fnrrsk.szczecin.pl\/#organization\"},\"alternateName\":\"Fundacja na rzecz Rozwoju Sektora Kreatywnego\",\"potentialAction\":[{\"@type\":\"SearchAction\",\"target\":{\"@type\":\"EntryPoint\",\"urlTemplate\":\"https:\/\/fnrrsk.szczecin.pl\/?s={search_term_string}\"},\"query-input\":{\"@type\":\"PropertyValueSpecification\",\"valueRequired\":true,\"valueName\":\"search_term_string\"}}],\"inLanguage\":\"en-US\"},{\"@type\":\"Organization\",\"@id\":\"https:\/\/fnrrsk.szczecin.pl\/#organization\",\"name\":\"Fundacja na rzecz Rozwoju Sektora Kreatywnego\",\"url\":\"https:\/\/fnrrsk.szczecin.pl\/\",\"logo\":{\"@type\":\"ImageObject\",\"inLanguage\":\"en-US\",\"@id\":\"https:\/\/fnrrsk.szczecin.pl\/#\/schema\/logo\/image\/\",\"url\":\"https:\/\/fnrrsk.szczecin.pl\/wp-content\/uploads\/2025\/09\/AAFuWkQu2jM_1749043205677-scaled.jpg\",\"contentUrl\":\"https:\/\/fnrrsk.szczecin.pl\/wp-content\/uploads\/2025\/09\/AAFuWkQu2jM_1749043205677-scaled.jpg\",\"width\":2560,\"height\":1971,\"caption\":\"Fundacja na rzecz Rozwoju Sektora Kreatywnego\"},\"image\":{\"@id\":\"https:\/\/fnrrsk.szczecin.pl\/#\/schema\/logo\/image\/\"},\"sameAs\":[\"https:\/\/www.facebook.com\/people\/Fundacja-na-rzecz-Rozwoju-Sektora-Kreatywnego\/61566763776965\/\"]}]}<\/script>\n<!-- \/ Yoast SEO plugin. -->","yoast_head_json":{"title":"O NAS - FUNDACJA NA RZECZ ROZWOJU SEKTORA KREATYWNEGO","robots":{"index":"index","follow":"follow","max-snippet":"max-snippet:-1","max-image-preview":"max-image-preview:large","max-video-preview":"max-video-preview:-1"},"canonical":"https:\/\/fnrrsk.szczecin.pl\/index.php\/o-nas\/","og_locale":"en_US","og_type":"article","og_title":"O NAS - FUNDACJA NA RZECZ ROZWOJU SEKTORA KREATYWNEGO","og_description":"Fundacja na rzecz Rozwoju Sektora Kreatywnego powsta\u0142a, aby wspiera\u0107 i rozwija\u0107 kultur\u0119, sztuk\u0119 oraz projekty tw\u00f3rcze w Polsce&nbsp; i poza jej granicami. Nasz\u0105 misj\u0105 jest tworzenie przestrzeni, w kt\u00f3rej sztuka spotyka si\u0119 z biznesem i spo\u0142eczno\u015bci\u0105, a muzyka i dzia\u0142ania artystyczne staj\u0105 si\u0119 inspiracj\u0105 do budowania lepszego, bardziej kreatywnego \u015bwiata. W RAMACH DZIA\u0141ALNO\u015aCI FUNDACJI: ZARZ\u0104D [&hellip;]","og_url":"https:\/\/fnrrsk.szczecin.pl\/index.php\/o-nas\/","og_site_name":"FUNDACJA NA RZECZ ROZWOJU SEKTORA KREATYWNEGO","article_publisher":"https:\/\/www.facebook.com\/people\/Fundacja-na-rzecz-Rozwoju-Sektora-Kreatywnego\/61566763776965\/","article_modified_time":"2025-12-29T17:22:16+00:00","twitter_card":"summary_large_image","twitter_misc":{"Est. reading time":"1 minute"},"schema":{"@context":"https:\/\/schema.org","@graph":[{"@type":"WebPage","@id":"https:\/\/fnrrsk.szczecin.pl\/index.php\/o-nas\/","url":"https:\/\/fnrrsk.szczecin.pl\/index.php\/o-nas\/","name":"O NAS - FUNDACJA NA RZECZ ROZWOJU SEKTORA KREATYWNEGO","isPartOf":{"@id":"https:\/\/fnrrsk.szczecin.pl\/#website"},"datePublished":"2025-12-29T17:03:59+00:00","dateModified":"2025-12-29T17:22:16+00:00","breadcrumb":{"@id":"https:\/\/fnrrsk.szczecin.pl\/index.php\/o-nas\/#breadcrumb"},"inLanguage":"en-US","potentialAction":[{"@type":"ReadAction","target":["https:\/\/fnrrsk.szczecin.pl\/index.php\/o-nas\/"]}]},{"@type":"BreadcrumbList","@id":"https:\/\/fnrrsk.szczecin.pl\/index.php\/o-nas\/#breadcrumb","itemListElement":[{"@type":"ListItem","position":1,"name":"Home","item":"https:\/\/fnrrsk.szczecin.pl\/"},{"@type":"ListItem","position":2,"name":"O NAS"}]},{"@type":"WebSite","@id":"https:\/\/fnrrsk.szczecin.pl\/#website","url":"https:\/\/fnrrsk.szczecin.pl\/","name":"fnrrsk.szczecin.pl","description":"","publisher":{"@id":"https:\/\/fnrrsk.szczecin.pl\/#organization"},"alternateName":"Fundacja na rzecz Rozwoju Sektora Kreatywnego","potentialAction":[{"@type":"SearchAction","target":{"@type":"EntryPoint","urlTemplate":"https:\/\/fnrrsk.szczecin.pl\/?s={search_term_string}"},"query-input":{"@type":"PropertyValueSpecification","valueRequired":true,"valueName":"search_term_string"}}],"inLanguage":"en-US"},{"@type":"Organization","@id":"https:\/\/fnrrsk.szczecin.pl\/#organization","name":"Fundacja na rzecz Rozwoju Sektora Kreatywnego","url":"https:\/\/fnrrsk.szczecin.pl\/","logo":{"@type":"ImageObject","inLanguage":"en-US","@id":"https:\/\/fnrrsk.szczecin.pl\/#\/schema\/logo\/image\/","url":"https:\/\/fnrrsk.szczecin.pl\/wp-content\/uploads\/2025\/09\/AAFuWkQu2jM_1749043205677-scaled.jpg","contentUrl":"https:\/\/fnrrsk.szczecin.pl\/wp-content\/uploads\/2025\/09\/AAFuWkQu2jM_1749043205677-scaled.jpg","width":2560,"height":1971,"caption":"Fundacja na rzecz Rozwoju Sektora Kreatywnego"},"image":{"@id":"https:\/\/fnrrsk.szczecin.pl\/#\/schema\/logo\/image\/"},"sameAs":["https:\/\/www.facebook.com\/people\/Fundacja-na-rzecz-Rozwoju-Sektora-Kreatywnego\/61566763776965\/"]}]}},"_links":{"self":[{"href":"https:\/\/fnrrsk.szczecin.pl\/index.php\/wp-json\/wp\/v2\/pages\/175","targetHints":{"allow":["GET"]}}],"collection":[{"href":"https:\/\/fnrrsk.szczecin.pl\/index.php\/wp-json\/wp\/v2\/pages"}],"about":[{"href":"https:\/\/fnrrsk.szczecin.pl\/index.php\/wp-json\/wp\/v2\/types\/page"}],"author":[{"embeddable":true,"href":"https:\/\/fnrrsk.szczecin.pl\/index.php\/wp-json\/wp\/v2\/users\/1"}],"replies":[{"embeddable":true,"href":"https:\/\/fnrrsk.szczecin.pl\/index.php\/wp-json\/wp\/v2\/comments?post=175"}],"version-history":[{"count":3,"href":"https:\/\/fnrrsk.szczecin.pl\/index.php\/wp-json\/wp\/v2\/pages\/175\/revisions"}],"predecessor-version":[{"id":198,"href":"https:\/\/fnrrsk.szczecin.pl\/index.php\/wp-json\/wp\/v2\/pages\/175\/revisions\/198"}],"wp:attachment":[{"href":"https:\/\/fnrrsk.szczecin.pl\/index.php\/wp-json\/wp\/v2\/media?parent=175"}],"curies":[{"name":"wp","href":"https:\/\/api.w.org\/{rel}","templated":true}]}}